{"id":8,"date":"2023-07-14T13:28:01","date_gmt":"2023-07-14T13:28:01","guid":{"rendered":"https:\/\/hellovacance.com\/?page_id=8"},"modified":"2024-03-19T11:46:20","modified_gmt":"2024-03-19T11:46:20","slug":"notre-centre","status":"publish","type":"page","link":"https:\/\/hellovacance.com\/?page_id=8","title":{"rendered":"Notre centre"},"content":{"rendered":"\t\t<div data-elementor-type=\"wp-page\" data-elementor-id=\"8\" class=\"elementor elementor-8\" data-elementor-post-type=\"page\">\n\t\t\t\t\t\t<section class=\"elementor-section elementor-top-section elementor-element elementor-element-bd30e65 elementor-section-stretched elementor-section-boxed elementor-section-height-default elementor-section-height-default\" data-id=\"bd30e65\" data-element_type=\"section\" data-settings=\"{&quot;stretch_section&quot;:&quot;section-stretched&quot;,&quot;background_background&quot;:&quot;classic&quot;,&quot;_ha_eqh_enable&quot;:false}\">\n\t\t\t\t\t\t<div class=\"elementor-container elementor-column-gap-wider\">\n\t\t\t\t\t<div class=\"elementor-column elementor-col-100 elementor-top-column elementor-element elementor-element-7c9bcd6\" data-id=\"7c9bcd6\" data-element_type=\"column\">\n\t\t\t<div class=\"elementor-widget-wrap elementor-element-populated\">\n\t\t\t\t\t\t<div class=\"elementor-element elementor-element-d1df2dd elementor-widget elementor-widget-heading\" data-id=\"d1df2dd\" data-element_type=\"widget\" data-widget_type=\"heading.default\">\n\t\t\t\t<div class=\"elementor-widget-container\">\n\t\t\t<style>\/*! elementor - v3.20.0 - 13-03-2024 *\/\n.elementor-heading-title{padding:0;margin:0;line-height:1}.elementor-widget-heading .elementor-heading-title[class*=elementor-size-]>a{color:inherit;font-size:inherit;line-height:inherit}.elementor-widget-heading .elementor-heading-title.elementor-size-small{font-size:15px}.elementor-widget-heading .elementor-heading-title.elementor-size-medium{font-size:19px}.elementor-widget-heading .elementor-heading-title.elementor-size-large{font-size:29px}.elementor-widget-heading .elementor-heading-title.elementor-size-xl{font-size:39px}.elementor-widget-heading .elementor-heading-title.elementor-size-xxl{font-size:59px}<\/style><h2 class=\"elementor-heading-title elementor-size-default\">Le Champ d'or<\/h2>\t\t<\/div>\n\t\t\t\t<\/div>\n\t\t\t\t\t<\/div>\n\t\t<\/div>\n\t\t\t\t\t<\/div>\n\t\t<\/section>\n\t\t\t\t<section class=\"elementor-section elementor-top-section elementor-element elementor-element-deb1800 elementor-section-stretched elementor-section-boxed elementor-section-height-default elementor-section-height-default\" data-id=\"deb1800\" data-element_type=\"section\" data-settings=\"{&quot;stretch_section&quot;:&quot;section-stretched&quot;,&quot;background_background&quot;:&quot;classic&quot;,&quot;_ha_eqh_enable&quot;:false}\">\n\t\t\t\t\t\t<div class=\"elementor-container elementor-column-gap-wider\">\n\t\t\t\t\t<div class=\"elementor-column elementor-col-100 elementor-top-column elementor-element elementor-element-65c0c96\" data-id=\"65c0c96\" data-element_type=\"column\">\n\t\t\t<div class=\"elementor-widget-wrap elementor-element-populated\">\n\t\t\t\t\t\t<section class=\"elementor-section elementor-inner-section elementor-element elementor-element-a66dd4d elementor-section-boxed elementor-section-height-default elementor-section-height-default\" data-id=\"a66dd4d\" data-element_type=\"section\" data-settings=\"{&quot;_ha_eqh_enable&quot;:false}\">\n\t\t\t\t\t\t<div class=\"elementor-container elementor-column-gap-default\">\n\t\t\t\t\t<div class=\"elementor-column elementor-col-50 elementor-inner-column elementor-element elementor-element-34cf2ba\" data-id=\"34cf2ba\" data-element_type=\"column\">\n\t\t\t<div class=\"elementor-widget-wrap elementor-element-populated\">\n\t\t\t\t\t\t<div class=\"elementor-element elementor-element-6213822 elementor-widget elementor-widget-text-editor\" data-id=\"6213822\" data-element_type=\"widget\" data-widget_type=\"text-editor.default\">\n\t\t\t\t<div class=\"elementor-widget-container\">\n\t\t\t<style>\/*! elementor - v3.20.0 - 13-03-2024 *\/\n.elementor-widget-text-editor.elementor-drop-cap-view-stacked .elementor-drop-cap{background-color:#69727d;color:#fff}.elementor-widget-text-editor.elementor-drop-cap-view-framed .elementor-drop-cap{color:#69727d;border:3px solid;background-color:transparent}.elementor-widget-text-editor:not(.elementor-drop-cap-view-default) .elementor-drop-cap{margin-top:8px}.elementor-widget-text-editor:not(.elementor-drop-cap-view-default) .elementor-drop-cap-letter{width:1em;height:1em}.elementor-widget-text-editor .elementor-drop-cap{float:left;text-align:center;line-height:1;font-size:50px}.elementor-widget-text-editor .elementor-drop-cap-letter{display:inline-block}<\/style>\t\t\t\t<p style=\"margin-top: 0in; background: white;\"><span lang=\"FR\" style=\"font-size: 13.0pt; font-family: 'Helvetica',sans-serif; color: #666666;\">Le centre b\u00e9n\u00e9ficie d\u2019une situation g\u00e9ographique privil\u00e9gi\u00e9e :<\/span><\/p><p style=\"margin: 0in; background: white;\"><span lang=\"FR\" style=\"font-size: 13.0pt; font-family: 'Helvetica',sans-serif; color: #666666;\">\u2013 Un b\u00e2timent offrant un vue imprenable sur la vall\u00e9e du Champsaur <br \/>\u2013 La proximit\u00e9 du village de Pont du Foss\u00e9 vous permettra d\u2019appr\u00e9cier ses animations toute l\u2019ann\u00e9e gr\u00e2ce \u00e0 ses commerces, ses march\u00e9s,\u00a0 ses festivals, l\u2019office de tourisme et la maison du parc des Ecrins, sa base de loisirs, sa patinoire\u2026<br \/>\u2013 La pratique des sports d\u2019hiver,\u00a0\u00a0 la d\u00e9couverte du milieu montagnard, les multiples activit\u00e9s d\u2019\u00e9t\u00e9 ou d\u2019hiver : toutes les possibilit\u00e9s s\u2019offrent \u00e0 vous pour d\u00e9couvrir un patrimoine vaste et g\u00e9n\u00e9reux.<\/span><\/p>\t\t\t\t\t\t<\/div>\n\t\t\t\t<\/div>\n\t\t\t\t\t<\/div>\n\t\t<\/div>\n\t\t\t\t<div class=\"elementor-column elementor-col-50 elementor-inner-column elementor-element elementor-element-30c6329\" data-id=\"30c6329\" data-element_type=\"column\">\n\t\t\t<div class=\"elementor-widget-wrap\">\n\t\t\t\t\t\t\t<\/div>\n\t\t<\/div>\n\t\t\t\t\t<\/div>\n\t\t<\/section>\n\t\t\t\t<div class=\"elementor-element elementor-element-db608ea elementor-widget__width-auto elementor-widget elementor-widget-text-editor\" data-id=\"db608ea\" data-element_type=\"widget\" data-widget_type=\"text-editor.default\">\n\t\t\t\t<div class=\"elementor-widget-container\">\n\t\t\t\t\t\t\t<p>AGR\u00c9MENTS :<\/p>\t\t\t\t\t\t<\/div>\n\t\t\t\t<\/div>\n\t\t\t\t<div class=\"elementor-element elementor-element-51dc655 elementor-widget elementor-widget-text-editor\" data-id=\"51dc655\" data-element_type=\"widget\" data-widget_type=\"text-editor.default\">\n\t\t\t\t<div class=\"elementor-widget-container\">\n\t\t\t\t\t\t\t<p>Jeunesse et sport<\/p><p>Assurance caution financi\u00e8re chez Groupama<\/p><p>Assurance responsabilit\u00e9 civils chez axa assurance<\/p><p>NOTRE VOLONT\u00c9 :<br \/>\u2013 Privil\u00e9gier le bien-\u00eatre de chacun dans une ambiance conviviale<br \/>\u2013 \u00catre \u00e0 m\u00eame d\u2019adapter et d\u2019am\u00e9nager le centre selon les besoins des groupes<br \/>\u2013 Proposer une cuisine de terroir, \u00e9labor\u00e9e sur place par notre cuisinier<br \/>\u2013 \u00catre disponibles et r\u00e9actifs<\/p><p>\u00a0<\/p>\t\t\t\t\t\t<\/div>\n\t\t\t\t<\/div>\n\t\t\t\t<div class=\"elementor-element elementor-element-1923f4d elementor-widget__width-auto elementor-widget elementor-widget-text-editor\" data-id=\"1923f4d\" data-element_type=\"widget\" data-widget_type=\"text-editor.default\">\n\t\t\t\t<div class=\"elementor-widget-container\">\n\t\t\t\t\t\t\t<p><strong>Les am\u00e9nagements<\/strong><\/p>\t\t\t\t\t\t<\/div>\n\t\t\t\t<\/div>\n\t\t\t\t<div class=\"elementor-element elementor-element-ed203af elementor-widget elementor-widget-text-editor\" data-id=\"ed203af\" data-element_type=\"widget\" data-widget_type=\"text-editor.default\">\n\t\t\t\t<div class=\"elementor-widget-container\">\n\t\t\t\t\t\t\t<p>A l\u2019ext\u00e9rieur<\/p><ul><li>Terrasse en surplomb offrant une vue magnifique<\/li><li>Barbecue, campement d\u2019\u00e9t\u00e9<\/li><li>Espace jeux<\/li><li>Possibilit\u00e9 d\u2019organiser de multiples activit\u00e9s dans le Parc (atelier nature, accrobranche, \u00e9quitation\u2026)<\/li><li>Grande cuisine aux normes pour la collectivit\u00e9<\/li><li>Salle de restaurant spacieuse<\/li><li>1 espace bar \/ salon \/ d\u00e9tente<\/li><li>1 infirmerie + 1 chambre d\u2019isolement<\/li><li>Acc\u00e8s wi-fi<\/li><li>20 chambres de 2 \u00e0 8 lits r\u00e9parties sur 2 \u00e9tages<\/li><li>Lits simples et superpos\u00e9s<\/li><li>Salles de bain + toilettes dans toutes les chambres du 1<sup>er<\/sup>\u00e9tage<\/li><li>Salles de bain dans toutes les chambres du 2\u00e8me \u00e9tage<\/li><li>2 salles d\u2019activit\u00e9s \/ classe<\/li><\/ul>\t\t\t\t\t\t<\/div>\n\t\t\t\t<\/div>\n\t\t\t\t\t<\/div>\n\t\t<\/div>\n\t\t\t\t\t<\/div>\n\t\t<\/section>\n\t\t<div class=\"elementor-element elementor-element-91a5020 e-flex e-con-boxed e-con e-parent\" data-id=\"91a5020\" data-element_type=\"container\" data-settings=\"{&quot;_ha_eqh_enable&quot;:false}\" data-core-v316-plus=\"true\">\n\t\t\t\t\t<div class=\"e-con-inner\">\n\t\t\t\t<div class=\"elementor-element elementor-element-44d35c6 elementor-widget elementor-widget-image-gallery\" data-id=\"44d35c6\" data-element_type=\"widget\" data-widget_type=\"image-gallery.default\">\n\t\t\t\t<div class=\"elementor-widget-container\">\n\t\t\t<style>\/*! elementor - v3.20.0 - 13-03-2024 *\/\n.elementor-image-gallery .gallery-item{display:inline-block;text-align:center;vertical-align:top;width:100%;max-width:100%;margin:0 auto}.elementor-image-gallery .gallery-item img{margin:0 auto}.elementor-image-gallery .gallery-item .gallery-caption{margin:0}.elementor-image-gallery figure img{display:block}.elementor-image-gallery figure figcaption{width:100%}.gallery-spacing-custom .elementor-image-gallery .gallery-icon{padding:0}@media (min-width:768px){.elementor-image-gallery .gallery-columns-2 .gallery-item{max-width:50%}.elementor-image-gallery .gallery-columns-3 .gallery-item{max-width:33.33%}.elementor-image-gallery .gallery-columns-4 .gallery-item{max-width:25%}.elementor-image-gallery .gallery-columns-5 .gallery-item{max-width:20%}.elementor-image-gallery .gallery-columns-6 .gallery-item{max-width:16.666%}.elementor-image-gallery .gallery-columns-7 .gallery-item{max-width:14.28%}.elementor-image-gallery .gallery-columns-8 .gallery-item{max-width:12.5%}.elementor-image-gallery .gallery-columns-9 .gallery-item{max-width:11.11%}.elementor-image-gallery .gallery-columns-10 .gallery-item{max-width:10%}}@media (min-width:480px) and (max-width:767px){.elementor-image-gallery .gallery.gallery-columns-2 .gallery-item,.elementor-image-gallery .gallery.gallery-columns-3 .gallery-item,.elementor-image-gallery .gallery.gallery-columns-4 .gallery-item,.elementor-image-gallery .gallery.gallery-columns-5 .gallery-item,.elementor-image-gallery .gallery.gallery-columns-6 .gallery-item,.elementor-image-gallery .gallery.gallery-columns-7 .gallery-item,.elementor-image-gallery .gallery.gallery-columns-8 .gallery-item,.elementor-image-gallery .gallery.gallery-columns-9 .gallery-item,.elementor-image-gallery .gallery.gallery-columns-10 .gallery-item{max-width:50%}}@media (max-width:479px){.elementor-image-gallery .gallery.gallery-columns-2 .gallery-item,.elementor-image-gallery .gallery.gallery-columns-3 .gallery-item,.elementor-image-gallery .gallery.gallery-columns-4 .gallery-item,.elementor-image-gallery .gallery.gallery-columns-5 .gallery-item,.elementor-image-gallery .gallery.gallery-columns-6 .gallery-item,.elementor-image-gallery .gallery.gallery-columns-7 .gallery-item,.elementor-image-gallery .gallery.gallery-columns-8 .gallery-item,.elementor-image-gallery .gallery.gallery-columns-9 .gallery-item,.elementor-image-gallery .gallery.gallery-columns-10 .gallery-item{max-width:100%}}<\/style>\t\t<div class=\"elementor-image-gallery\">\n\t\t\t\n\t\t\t<style type='text\/css'>\n\t\t\t\t#sc_gallery-1 {\n\t\t\t\t\tmargin: auto;\n\t\t\t\t}\n\t\t\t\t#sc_gallery-1 .gallery-item {\n\t\t\t\t\tfloat: left;\n\t\t\t\t\ttext-align: center;\n\t\t\t\t\twidth: 33.33%;\n\t\t\t\t}\n\t\t\t\t#sc_gallery-1 img {\n\t\t\t\t\tborder: 2px solid #cfcfcf;\n\t\t\t\t}\n\t\t\t\t\/* see sc_gallery() in functions\/theme-shortcodes.php *\/\n\t\t\t<\/style>\n\t\t<div id='sc_gallery-1' class='gallery galleryid-8 gallery-columns-3 gallery-size-blog-portfolio file gallery-default'><dl class='gallery-item' data-title='Screenshot_20231012_141920_Chrome' data-description=''><div class='gallery-item-wrapper'>\n\t\t\t\t<dt class='gallery-icon portrait'>\n\t\t\t\t\t<a data-elementor-open-lightbox=\"no\" href='https:\/\/hellovacance.com\/wp-content\/uploads\/2024\/03\/Screenshot_20231012_141920_Chrome.jpg'><img fetchpriority=\"high\" decoding=\"async\" width=\"960\" height=\"750\" src=\"https:\/\/hellovacance.com\/wp-content\/uploads\/2024\/03\/Screenshot_20231012_141920_Chrome-960x750.jpg\" class=\"attachment-blog-portfolio size-blog-portfolio\" alt=\"\" \/><\/a>\n\t\t\t\t<\/dt><\/div><\/dl><dl class='gallery-item' data-title='Screenshot_20221023-172722_Gallery' data-description=''><div class='gallery-item-wrapper'>\n\t\t\t\t<dt class='gallery-icon portrait'>\n\t\t\t\t\t<a data-elementor-open-lightbox=\"no\" href='https:\/\/hellovacance.com\/wp-content\/uploads\/2024\/03\/Screenshot_20221023-172722_Gallery.jpg'><img decoding=\"async\" width=\"960\" height=\"750\" src=\"https:\/\/hellovacance.com\/wp-content\/uploads\/2024\/03\/Screenshot_20221023-172722_Gallery-960x750.jpg\" class=\"attachment-blog-portfolio size-blog-portfolio\" alt=\"\" \/><\/a>\n\t\t\t\t<\/dt><\/div><\/dl><dl class='gallery-item' data-title='20221014_164426' data-description=''><div class='gallery-item-wrapper'>\n\t\t\t\t<dt class='gallery-icon portrait'>\n\t\t\t\t\t<a data-elementor-open-lightbox=\"no\" href='https:\/\/hellovacance.com\/wp-content\/uploads\/2024\/03\/20221014_164426-scaled.jpg'><img decoding=\"async\" width=\"960\" height=\"750\" src=\"https:\/\/hellovacance.com\/wp-content\/uploads\/2024\/03\/20221014_164426-960x750.jpg\" class=\"attachment-blog-portfolio size-blog-portfolio\" alt=\"\" \/><\/a>\n\t\t\t\t<\/dt><\/div><\/dl><br style=\"clear: both\" \/><dl class='gallery-item' data-title='Screenshot_20231012_141913_Chrome' data-description=''><div class='gallery-item-wrapper'>\n\t\t\t\t<dt class='gallery-icon landscape'>\n\t\t\t\t\t<a data-elementor-open-lightbox=\"no\" href='https:\/\/hellovacance.com\/wp-content\/uploads\/2024\/03\/Screenshot_20231012_141913_Chrome.jpg'><img loading=\"lazy\" decoding=\"async\" width=\"960\" height=\"750\" src=\"https:\/\/hellovacance.com\/wp-content\/uploads\/2024\/03\/Screenshot_20231012_141913_Chrome-960x750.jpg\" class=\"attachment-blog-portfolio size-blog-portfolio\" alt=\"\" \/><\/a>\n\t\t\t\t<\/dt><\/div><\/dl><dl class='gallery-item' data-title='20221014_164559' data-description=''><div class='gallery-item-wrapper'>\n\t\t\t\t<dt class='gallery-icon portrait'>\n\t\t\t\t\t<a data-elementor-open-lightbox=\"no\" href='https:\/\/hellovacance.com\/wp-content\/uploads\/2024\/03\/20221014_164559-scaled.jpg'><img loading=\"lazy\" decoding=\"async\" width=\"960\" height=\"750\" src=\"https:\/\/hellovacance.com\/wp-content\/uploads\/2024\/03\/20221014_164559-960x750.jpg\" class=\"attachment-blog-portfolio size-blog-portfolio\" alt=\"\" \/><\/a>\n\t\t\t\t<\/dt><\/div><\/dl><dl class='gallery-item' data-title='Screenshot_20221023-172651_Gallery' data-description=''><div class='gallery-item-wrapper'>\n\t\t\t\t<dt class='gallery-icon portrait'>\n\t\t\t\t\t<a data-elementor-open-lightbox=\"no\" href='https:\/\/hellovacance.com\/wp-content\/uploads\/2024\/03\/Screenshot_20221023-172651_Gallery.jpg'><img loading=\"lazy\" decoding=\"async\" width=\"960\" height=\"750\" src=\"https:\/\/hellovacance.com\/wp-content\/uploads\/2024\/03\/Screenshot_20221023-172651_Gallery-960x750.jpg\" class=\"attachment-blog-portfolio size-blog-portfolio\" alt=\"\" \/><\/a>\n\t\t\t\t<\/dt><\/div><\/dl><br style=\"clear: both\" \/>\n\t\t\t<\/div>\n\t\t<\/div>\n\t\t\t\t<\/div>\n\t\t\t\t<\/div>\n\t\t\t\t\t<\/div>\n\t\t\t\t<\/div>\n\t\t\t\t<\/div>\n\t\t","protected":false},"excerpt":{"rendered":"<p>Le Champ d&#8217;or Le centre b\u00e9n\u00e9ficie d\u2019une situation g\u00e9ographique privil\u00e9gi\u00e9e : \u2013 Un b\u00e2timent offrant un vue imprenable sur la vall\u00e9e du Champsaur \u2013 La proximit\u00e9<span class=\"excerpt-hellip\"> [\u2026]<\/span><\/p>\n","protected":false},"author":1,"featured_media":0,"parent":0,"menu_order":0,"comment_status":"open","ping_status":"closed","template":"","meta":{"footnotes":""},"_links":{"self":[{"href":"https:\/\/hellovacance.com\/index.php?rest_route=\/wp\/v2\/pages\/8"}],"collection":[{"href":"https:\/\/hellovacance.com\/index.php?rest_route=\/wp\/v2\/pages"}],"about":[{"href":"https:\/\/hellovacance.com\/index.php?rest_route=\/wp\/v2\/types\/page"}],"author":[{"embeddable":true,"href":"https:\/\/hellovacance.com\/index.php?rest_route=\/wp\/v2\/users\/1"}],"replies":[{"embeddable":true,"href":"https:\/\/hellovacance.com\/index.php?rest_route=%2Fwp%2Fv2%2Fcomments&post=8"}],"version-history":[{"count":7,"href":"https:\/\/hellovacance.com\/index.php?rest_route=\/wp\/v2\/pages\/8\/revisions"}],"predecessor-version":[{"id":215,"href":"https:\/\/hellovacance.com\/index.php?rest_route=\/wp\/v2\/pages\/8\/revisions\/215"}],"wp:attachment":[{"href":"https:\/\/hellovacance.com\/index.php?rest_route=%2Fwp%2Fv2%2Fmedia&parent=8"}],"curies":[{"name":"wp","href":"https:\/\/api.w.org\/{rel}","templated":true}]}}