{"id":4,"date":"2023-07-14T13:27:29","date_gmt":"2023-07-14T13:27:29","guid":{"rendered":"https:\/\/hellovacance.com\/?page_id=4"},"modified":"2024-03-23T10:39:41","modified_gmt":"2024-03-23T10:39:41","slug":"sejour-famille","status":"publish","type":"page","link":"https:\/\/hellovacance.com\/?page_id=4","title":{"rendered":"Sejour Famille"},"content":{"rendered":"\t\t<div data-elementor-type=\"wp-page\" data-elementor-id=\"4\" class=\"elementor elementor-4\" data-elementor-post-type=\"page\">\n\t\t\t\t\t\t<section class=\"elementor-section elementor-top-section elementor-element elementor-element-a11c1d4 elementor-section-stretched elementor-section-boxed elementor-section-height-default elementor-section-height-default\" data-id=\"a11c1d4\" data-element_type=\"section\" data-settings=\"{&quot;stretch_section&quot;:&quot;section-stretched&quot;,&quot;background_background&quot;:&quot;classic&quot;,&quot;_ha_eqh_enable&quot;:false}\">\n\t\t\t\t\t\t<div class=\"elementor-container elementor-column-gap-wider\">\n\t\t\t\t\t<div class=\"elementor-column elementor-col-100 elementor-top-column elementor-element elementor-element-a9ed337\" data-id=\"a9ed337\" data-element_type=\"column\">\n\t\t\t<div class=\"elementor-widget-wrap\">\n\t\t\t\t\t\t\t<\/div>\n\t\t<\/div>\n\t\t\t\t\t<\/div>\n\t\t<\/section>\n\t\t<div class=\"elementor-element elementor-element-f878c71 e-flex e-con-boxed e-con e-parent\" data-id=\"f878c71\" data-element_type=\"container\" data-settings=\"{&quot;background_background&quot;:&quot;classic&quot;,&quot;_ha_eqh_enable&quot;:false}\" data-core-v316-plus=\"true\">\n\t\t\t\t\t<div class=\"e-con-inner\">\n\t\t\t\t\t<\/div>\n\t\t\t\t<\/div>\n\t\t\t\t<section class=\"elementor-section elementor-top-section elementor-element elementor-element-38cacd6 elementor-section-stretched elementor-section-boxed elementor-section-height-default elementor-section-height-default\" data-id=\"38cacd6\" data-element_type=\"section\" data-settings=\"{&quot;stretch_section&quot;:&quot;section-stretched&quot;,&quot;background_background&quot;:&quot;classic&quot;,&quot;_ha_eqh_enable&quot;:false}\">\n\t\t\t\t\t\t<div class=\"elementor-container elementor-column-gap-wider\">\n\t\t\t\t\t<div class=\"elementor-column elementor-col-100 elementor-top-column elementor-element elementor-element-898cb00\" data-id=\"898cb00\" data-element_type=\"column\">\n\t\t\t<div class=\"elementor-widget-wrap elementor-element-populated\">\n\t\t\t\t\t\t<section class=\"elementor-section elementor-inner-section elementor-element elementor-element-854bdde elementor-section-boxed elementor-section-height-default elementor-section-height-default\" data-id=\"854bdde\" data-element_type=\"section\" data-settings=\"{&quot;_ha_eqh_enable&quot;:false}\">\n\t\t\t\t\t\t<div class=\"elementor-container elementor-column-gap-default\">\n\t\t\t\t\t<div class=\"elementor-column elementor-col-100 elementor-inner-column elementor-element elementor-element-f76fb01\" data-id=\"f76fb01\" data-element_type=\"column\">\n\t\t\t<div class=\"elementor-widget-wrap elementor-element-populated\">\n\t\t\t\t\t\t<div class=\"elementor-element elementor-element-3f5754f elementor-widget elementor-widget-heading\" data-id=\"3f5754f\" data-element_type=\"widget\" data-widget_type=\"heading.default\">\n\t\t\t\t<div class=\"elementor-widget-container\">\n\t\t\t<style>\/*! elementor - v3.20.0 - 13-03-2024 *\/\n.elementor-heading-title{padding:0;margin:0;line-height:1}.elementor-widget-heading .elementor-heading-title[class*=elementor-size-]>a{color:inherit;font-size:inherit;line-height:inherit}.elementor-widget-heading .elementor-heading-title.elementor-size-small{font-size:15px}.elementor-widget-heading .elementor-heading-title.elementor-size-medium{font-size:19px}.elementor-widget-heading .elementor-heading-title.elementor-size-large{font-size:29px}.elementor-widget-heading .elementor-heading-title.elementor-size-xl{font-size:39px}.elementor-widget-heading .elementor-heading-title.elementor-size-xxl{font-size:59px}<\/style><h2 class=\"elementor-heading-title elementor-size-default\">Animation Adulte Et Enfants<\/h2>\t\t<\/div>\n\t\t\t\t<\/div>\n\t\t\t\t\t<\/div>\n\t\t<\/div>\n\t\t\t\t\t<\/div>\n\t\t<\/section>\n\t\t\t\t<section class=\"elementor-section elementor-inner-section elementor-element elementor-element-5fbae50 elementor-section-boxed elementor-section-height-default elementor-section-height-default\" data-id=\"5fbae50\" data-element_type=\"section\" data-settings=\"{&quot;_ha_eqh_enable&quot;:false}\">\n\t\t\t\t\t\t<div class=\"elementor-container elementor-column-gap-default\">\n\t\t\t\t\t<div class=\"elementor-column elementor-col-50 elementor-inner-column elementor-element elementor-element-8d40d74\" data-id=\"8d40d74\" data-element_type=\"column\" data-settings=\"{&quot;background_background&quot;:&quot;classic&quot;}\">\n\t\t\t<div class=\"elementor-widget-wrap elementor-element-populated\">\n\t\t\t\t\t\t<div class=\"elementor-element elementor-element-bff2e51 elementor-widget elementor-widget-heading\" data-id=\"bff2e51\" data-element_type=\"widget\" data-widget_type=\"heading.default\">\n\t\t\t\t<div class=\"elementor-widget-container\">\n\t\t\t<span class=\"elementor-heading-title elementor-size-default\">Culture et patrimoine<\/span>\t\t<\/div>\n\t\t\t\t<\/div>\n\t\t\t\t<div class=\"elementor-element elementor-element-49b1f88 elementor-widget elementor-widget-text-editor\" data-id=\"49b1f88\" data-element_type=\"widget\" data-widget_type=\"text-editor.default\">\n\t\t\t\t<div class=\"elementor-widget-container\">\n\t\t\t<style>\/*! elementor - v3.20.0 - 13-03-2024 *\/\n.elementor-widget-text-editor.elementor-drop-cap-view-stacked .elementor-drop-cap{background-color:#69727d;color:#fff}.elementor-widget-text-editor.elementor-drop-cap-view-framed .elementor-drop-cap{color:#69727d;border:3px solid;background-color:transparent}.elementor-widget-text-editor:not(.elementor-drop-cap-view-default) .elementor-drop-cap{margin-top:8px}.elementor-widget-text-editor:not(.elementor-drop-cap-view-default) .elementor-drop-cap-letter{width:1em;height:1em}.elementor-widget-text-editor .elementor-drop-cap{float:left;text-align:center;line-height:1;font-size:50px}.elementor-widget-text-editor .elementor-drop-cap-letter{display:inline-block}<\/style>\t\t\t\t<p>Les \u00e9comus\u00e9es<\/p><ul><li>Ecole d\u2019autrefois \u2013 Saint-Jean Dans l\u2019ancienne \u00e9cole de St Jean, revivez une heure de classe du d\u00e9but du XXe si\u00e8cle<\/li><li>Mus\u00e9e du Moulin \u2013 Pont du Foss\u00e9 Plongez-vous dans l\u2019ambiance des maisons d\u2019antan !<\/li><li>La maison du berger \u2013 Les Borels Dans la vall\u00e9e de Champol\u00e9on, d\u00e9couvrez l\u2019univers du pastoralisme et des alpages<\/li><li>Refuge des animaux \u2013 Saint-L\u00e9ger-les-M\u00e9l\u00e8zes D\u00e9couverte de la faune locale<\/li><\/ul>\t\t\t\t\t\t<\/div>\n\t\t\t\t<\/div>\n\t\t\t\t\t<\/div>\n\t\t<\/div>\n\t\t\t\t<div class=\"elementor-column elementor-col-50 elementor-inner-column elementor-element elementor-element-0afcc0e\" data-id=\"0afcc0e\" data-element_type=\"column\" data-settings=\"{&quot;background_background&quot;:&quot;classic&quot;}\">\n\t\t\t<div class=\"elementor-widget-wrap elementor-element-populated\">\n\t\t\t\t\t\t<div class=\"elementor-element elementor-element-0cceb72 elementor-widget elementor-widget-heading\" data-id=\"0cceb72\" data-element_type=\"widget\" data-widget_type=\"heading.default\">\n\t\t\t\t<div class=\"elementor-widget-container\">\n\t\t\t<span class=\"elementor-heading-title elementor-size-default\">Loisirs et activit\u00e9s sportives : hiver<\/span>\t\t<\/div>\n\t\t\t\t<\/div>\n\t\t\t\t<div class=\"elementor-element elementor-element-d2ce18c elementor-widget elementor-widget-text-editor\" data-id=\"d2ce18c\" data-element_type=\"widget\" data-widget_type=\"text-editor.default\">\n\t\t\t\t<div class=\"elementor-widget-container\">\n\t\t\t\t\t\t\t<ul><li>Les 6 stations de ski proches du centre vous permettent un acc\u00e8s direct et rapide \u00e0 la pratique du\u00a0<u>ski alpin<\/u><\/li><li>Profitez de 4 sites nordiques pour pratiquer le\u00a0<u>ski de fond<\/u>\u00a0sur des pistes dam\u00e9es et balis\u00e9es. Un itin\u00e9raire nordique \u00ab\u00a0le grand tour (30km) passe au pied du centre\u00a0!<\/li><li>En pleine nature ou sur un des 40 circuits balis\u00e9s, \u00e9chappez-vous en\u00a0<u>raquettes \u00e0 neige.\u00a0<\/u>Chaussez les raquettes au pied du centre et partez explorer en toute libert\u00e9 les tr\u00e9sors de la vall\u00e9e.<\/li><li>Envie d\u2019une exp\u00e9rience originale ou insolite, vous pouvez gouter aux joies d\u2019autres activit\u00e9s nordiques\u00a0:<\/li><\/ul><p>\u00a0<\/p><p>\u00a0<\/p><ul><li>Ski de Randonn\u00e9e<\/li><li>Marche nordique<\/li><li>Chiens de traineaux<\/li><li>Ski jo\u00ebring<\/li><li>Cascade de glace<\/li><li>Patinoires<\/li><li>Tyrolienne<\/li><li>Parapente<\/li><li>Luge et bou\u00e9e sur neige<\/li><li>Snake-gliss<\/li><li>Trottinette \/ fat bike<\/li><\/ul>\t\t\t\t\t\t<\/div>\n\t\t\t\t<\/div>\n\t\t\t\t\t<\/div>\n\t\t<\/div>\n\t\t\t\t\t<\/div>\n\t\t<\/section>\n\t\t\t\t<section class=\"elementor-section elementor-inner-section elementor-element elementor-element-563fe2b elementor-section-boxed elementor-section-height-default elementor-section-height-default\" data-id=\"563fe2b\" data-element_type=\"section\" data-settings=\"{&quot;_ha_eqh_enable&quot;:false}\">\n\t\t\t\t\t\t<div class=\"elementor-container elementor-column-gap-default\">\n\t\t\t\t\t<div class=\"elementor-column elementor-col-50 elementor-inner-column elementor-element elementor-element-e68be4f\" data-id=\"e68be4f\" data-element_type=\"column\" data-settings=\"{&quot;background_background&quot;:&quot;classic&quot;}\">\n\t\t\t<div class=\"elementor-widget-wrap elementor-element-populated\">\n\t\t\t\t\t\t<div class=\"elementor-element elementor-element-8247bea elementor-widget elementor-widget-heading\" data-id=\"8247bea\" data-element_type=\"widget\" data-widget_type=\"heading.default\">\n\t\t\t\t<div class=\"elementor-widget-container\">\n\t\t\t<span class=\"elementor-heading-title elementor-size-default\">Loisirs et activit\u00e9s sportives : \u00e9t\u00e9\nSur terre\n<\/span>\t\t<\/div>\n\t\t\t\t<\/div>\n\t\t\t\t<div class=\"elementor-element elementor-element-768b2bc elementor-widget elementor-widget-text-editor\" data-id=\"768b2bc\" data-element_type=\"widget\" data-widget_type=\"text-editor.default\">\n\t\t\t\t<div class=\"elementor-widget-container\">\n\t\t\t\t\t\t\t<p>Tous les moyens sont bons pour parcourir les sentiers du Champsaur<\/p><ul><li>Randonn\u00e9e Plus de 300 km de sentiers avec des itin\u00e9raires balis\u00e9s permettront aux randonneurs novices ou aguerris de profiter pleinement de la vall\u00e9e du champsaur et du parc national des Ecrins.<\/li><li>VTT Le Champsaur est un terrain de jeu id\u00e9al pour tous less VTTistes. La vall\u00e9e est labellis\u00e9e \u00ab Site VTT FFC \u00bb par la F\u00e9d\u00e9ration fran\u00e7aise de cyclisme garantissant des parcours balis\u00e9s sur des sentiers entretenus et adapt\u00e9s \u00e0 tous les niveaux.<\/li><li>Cyclo En roulant sur les routes du Champsaur et Valgaudemar, vous b\u00e9n\u00e9ficiez de l\u2019Espace \u00ab Cyclosport \u00bb et empruntez des circuits lab\u00e9lis\u00e9s par la F\u00e9d\u00e9ration Fran\u00e7aise de Cyclisme Entre bocages et alpages, la diversit\u00e9 des paysages alternant plaine et haute montagne permettront \u00e0 tous les cyclistes de s\u2019\u00e9panouir.<\/li><li>Lac du champsaur<\/li><li>cheval<\/li><li>Dos d\u2019\u00e2ne<\/li><li>Escalade Sur des sites \u00e9quip\u00e9s, \u00e0 deux pas du centre, des moniteurs dipl\u00f4m\u00e9s d\u2019\u00e9tat vous ouvriront la voie<\/li><\/ul>\t\t\t\t\t\t<\/div>\n\t\t\t\t<\/div>\n\t\t\t\t\t<\/div>\n\t\t<\/div>\n\t\t\t\t<div class=\"elementor-column elementor-col-50 elementor-inner-column elementor-element elementor-element-c33ab0d\" data-id=\"c33ab0d\" data-element_type=\"column\" data-settings=\"{&quot;background_background&quot;:&quot;classic&quot;}\">\n\t\t\t<div class=\"elementor-widget-wrap elementor-element-populated\">\n\t\t\t\t\t\t<div class=\"elementor-element elementor-element-edcc4a3 elementor-widget elementor-widget-heading\" data-id=\"edcc4a3\" data-element_type=\"widget\" data-widget_type=\"heading.default\">\n\t\t\t\t<div class=\"elementor-widget-container\">\n\t\t\t<span class=\"elementor-heading-title elementor-size-default\">Dans l'eau<\/span>\t\t<\/div>\n\t\t\t\t<\/div>\n\t\t\t\t<div class=\"elementor-element elementor-element-aa98bb5 elementor-widget elementor-widget-text-editor\" data-id=\"aa98bb5\" data-element_type=\"widget\" data-widget_type=\"text-editor.default\">\n\t\t\t\t<div class=\"elementor-widget-container\">\n\t\t\t\t\t\t\t<ul><li>De mars \u00e0 novembre, la pratique des sports d\u2019eaux vives vous permet de d\u00e9couvrir d\u2019autres facettes des merveilles du Champsaur. Initiez-vous \u00e0 l\u2019hydro speed, au rafting, au kayak, hot dog, au canyoning\u2026<\/li><\/ul>\t\t\t\t\t\t<\/div>\n\t\t\t\t<\/div>\n\t\t\t\t<div class=\"elementor-element elementor-element-992bc28 elementor-widget elementor-widget-heading\" data-id=\"992bc28\" data-element_type=\"widget\" data-widget_type=\"heading.default\">\n\t\t\t\t<div class=\"elementor-widget-container\">\n\t\t\t<span class=\"elementor-heading-title elementor-size-default\">Dans les airs<\/span>\t\t<\/div>\n\t\t\t\t<\/div>\n\t\t\t\t<div class=\"elementor-element elementor-element-1914677 elementor-widget elementor-widget-text-editor\" data-id=\"1914677\" data-element_type=\"widget\" data-widget_type=\"text-editor.default\">\n\t\t\t\t<div class=\"elementor-widget-container\">\n\t\t\t\t\t\t\t<ul><li>Le Champsaur vue d\u2019en haut. \u00c9motions et libert\u00e9, rien de tel qu\u2019un vol\u00a0 en\u00a0<u>parapente<\/u>au c\u0153ur du Parc National des \u00c9crins. 3 sites de d\u00e9part \u00e0 proximit\u00e9 du centre.<\/li><\/ul>\t\t\t\t\t\t<\/div>\n\t\t\t\t<\/div>\n\t\t\t\t<div class=\"elementor-element elementor-element-24b413c elementor-widget elementor-widget-heading\" data-id=\"24b413c\" data-element_type=\"widget\" data-widget_type=\"heading.default\">\n\t\t\t\t<div class=\"elementor-widget-container\">\n\t\t\t<span class=\"elementor-heading-title elementor-size-default\">Et aussi...<\/span>\t\t<\/div>\n\t\t\t\t<\/div>\n\t\t\t\t<div class=\"elementor-element elementor-element-72bda62 elementor-widget elementor-widget-text-editor\" data-id=\"72bda62\" data-element_type=\"widget\" data-widget_type=\"text-editor.default\">\n\t\t\t\t<div class=\"elementor-widget-container\">\n\t\t\t\t\t\t\t<ul><li><ul><li>via ferrata<\/li><li>Accro branches \/ tyrolienne<\/li><li>P\u00eache<\/li><li>Cani-rando<\/li><\/ul><p>\u00a0<\/p><p><strong>Des soir\u00e9es anim\u00e9es<\/strong><\/p><p><strong>\u00a0<\/strong><\/p><p>Spectacles, cabarets, caf\u00e9-th\u00e9\u00e2tre, com\u00e9dies musicales ou encore soir\u00e9e dansante soir\u00e9e cin\u00e9ma : vous finirez vos journ\u00e9es avec le sourire. Sans oublier le spectacle des enfants<\/p><\/li><\/ul>\t\t\t\t\t\t<\/div>\n\t\t\t\t<\/div>\n\t\t\t\t\t<\/div>\n\t\t<\/div>\n\t\t\t\t\t<\/div>\n\t\t<\/section>\n\t\t\t\t\t<\/div>\n\t\t<\/div>\n\t\t\t\t\t<\/div>\n\t\t<\/section>\n\t\t\t\t<\/div>\n\t\t","protected":false},"excerpt":{"rendered":"<p>Animation Adulte Et Enfants Culture et patrimoine Les \u00e9comus\u00e9es Ecole d\u2019autrefois \u2013 Saint-Jean Dans l\u2019ancienne \u00e9cole de St Jean, revivez une heure de classe du d\u00e9but<span class=\"excerpt-hellip\"> [\u2026]<\/span><\/p>\n","protected":false},"author":1,"featured_media":0,"parent":0,"menu_order":0,"comment_status":"open","ping_status":"closed","template":"","meta":{"footnotes":""},"_links":{"self":[{"href":"https:\/\/hellovacance.com\/index.php?rest_route=\/wp\/v2\/pages\/4"}],"collection":[{"href":"https:\/\/hellovacance.com\/index.php?rest_route=\/wp\/v2\/pages"}],"about":[{"href":"https:\/\/hellovacance.com\/index.php?rest_route=\/wp\/v2\/types\/page"}],"author":[{"embeddable":true,"href":"https:\/\/hellovacance.com\/index.php?rest_route=\/wp\/v2\/users\/1"}],"replies":[{"embeddable":true,"href":"https:\/\/hellovacance.com\/index.php?rest_route=%2Fwp%2Fv2%2Fcomments&post=4"}],"version-history":[{"count":10,"href":"https:\/\/hellovacance.com\/index.php?rest_route=\/wp\/v2\/pages\/4\/revisions"}],"predecessor-version":[{"id":304,"href":"https:\/\/hellovacance.com\/index.php?rest_route=\/wp\/v2\/pages\/4\/revisions\/304"}],"wp:attachment":[{"href":"https:\/\/hellovacance.com\/index.php?rest_route=%2Fwp%2Fv2%2Fmedia&parent=4"}],"curies":[{"name":"wp","href":"https:\/\/api.w.org\/{rel}","templated":true}]}}