{"id":288,"date":"2024-03-20T13:50:42","date_gmt":"2024-03-20T13:50:42","guid":{"rendered":"https:\/\/hellovacance.com\/?page_id=288"},"modified":"2024-10-28T13:38:15","modified_gmt":"2024-10-28T13:38:15","slug":"tarifs","status":"publish","type":"page","link":"https:\/\/hellovacance.com\/?page_id=288","title":{"rendered":"Tarifs"},"content":{"rendered":"\t\t<div data-elementor-type=\"wp-page\" data-elementor-id=\"288\" class=\"elementor elementor-288\" data-elementor-post-type=\"page\">\n\t\t\t\t<div class=\"elementor-element elementor-element-0baa8d7 e-flex e-con-boxed e-con e-parent\" data-id=\"0baa8d7\" data-element_type=\"container\" data-settings=\"{&quot;_ha_eqh_enable&quot;:false}\" data-core-v316-plus=\"true\">\n\t\t\t\t\t<div class=\"e-con-inner\">\n\t\t\t\t<div class=\"elementor-element elementor-element-7c5d912 elementor-widget elementor-widget-site-logo\" data-id=\"7c5d912\" data-element_type=\"widget\" data-settings=\"{&quot;width&quot;:{&quot;unit&quot;:&quot;%&quot;,&quot;size&quot;:21,&quot;sizes&quot;:[]},&quot;space&quot;:{&quot;unit&quot;:&quot;%&quot;,&quot;size&quot;:100,&quot;sizes&quot;:[]},&quot;align&quot;:&quot;center&quot;,&quot;width_tablet&quot;:{&quot;unit&quot;:&quot;%&quot;,&quot;size&quot;:&quot;&quot;,&quot;sizes&quot;:[]},&quot;width_mobile&quot;:{&quot;unit&quot;:&quot;%&quot;,&quot;size&quot;:&quot;&quot;,&quot;sizes&quot;:[]},&quot;space_tablet&quot;:{&quot;unit&quot;:&quot;%&quot;,&quot;size&quot;:&quot;&quot;,&quot;sizes&quot;:[]},&quot;space_mobile&quot;:{&quot;unit&quot;:&quot;%&quot;,&quot;size&quot;:&quot;&quot;,&quot;sizes&quot;:[]},&quot;image_border_radius&quot;:{&quot;unit&quot;:&quot;px&quot;,&quot;top&quot;:&quot;&quot;,&quot;right&quot;:&quot;&quot;,&quot;bottom&quot;:&quot;&quot;,&quot;left&quot;:&quot;&quot;,&quot;isLinked&quot;:true},&quot;image_border_radius_tablet&quot;:{&quot;unit&quot;:&quot;px&quot;,&quot;top&quot;:&quot;&quot;,&quot;right&quot;:&quot;&quot;,&quot;bottom&quot;:&quot;&quot;,&quot;left&quot;:&quot;&quot;,&quot;isLinked&quot;:true},&quot;image_border_radius_mobile&quot;:{&quot;unit&quot;:&quot;px&quot;,&quot;top&quot;:&quot;&quot;,&quot;right&quot;:&quot;&quot;,&quot;bottom&quot;:&quot;&quot;,&quot;left&quot;:&quot;&quot;,&quot;isLinked&quot;:true},&quot;caption_padding&quot;:{&quot;unit&quot;:&quot;px&quot;,&quot;top&quot;:&quot;&quot;,&quot;right&quot;:&quot;&quot;,&quot;bottom&quot;:&quot;&quot;,&quot;left&quot;:&quot;&quot;,&quot;isLinked&quot;:true},&quot;caption_padding_tablet&quot;:{&quot;unit&quot;:&quot;px&quot;,&quot;top&quot;:&quot;&quot;,&quot;right&quot;:&quot;&quot;,&quot;bottom&quot;:&quot;&quot;,&quot;left&quot;:&quot;&quot;,&quot;isLinked&quot;:true},&quot;caption_padding_mobile&quot;:{&quot;unit&quot;:&quot;px&quot;,&quot;top&quot;:&quot;&quot;,&quot;right&quot;:&quot;&quot;,&quot;bottom&quot;:&quot;&quot;,&quot;left&quot;:&quot;&quot;,&quot;isLinked&quot;:true},&quot;caption_space&quot;:{&quot;unit&quot;:&quot;px&quot;,&quot;size&quot;:0,&quot;sizes&quot;:[]},&quot;caption_space_tablet&quot;:{&quot;unit&quot;:&quot;px&quot;,&quot;size&quot;:&quot;&quot;,&quot;sizes&quot;:[]},&quot;caption_space_mobile&quot;:{&quot;unit&quot;:&quot;px&quot;,&quot;size&quot;:&quot;&quot;,&quot;sizes&quot;:[]}}\" data-widget_type=\"site-logo.default\">\n\t\t\t\t<div class=\"elementor-widget-container\">\n\t\t\t\t\t<div class=\"hfe-site-logo\">\n\t\t\t\t\t\t\t\t\t\t\t\t\t<a data-elementor-open-lightbox=\"\"  class='elementor-clickable' href=\"https:\/\/hellovacance.com\">\n\t\t\t\t\t\t\t<div class=\"hfe-site-logo-set\">           \n\t\t\t\t<div class=\"hfe-site-logo-container\">\n\t\t\t\t\t\t\t\t\t<img decoding=\"async\" class=\"hfe-site-logo-img elementor-animation-\"  src=\"https:\/\/hellovacance.com\/wp-content\/uploads\/2024\/03\/unnamed-1.png\" alt=\"unnamed\"\/>\n\t\t\t\t<\/div>\n\t\t\t<\/div>\n\t\t\t\t\t\t\t<\/a>\n\t\t\t\t\t\t<\/div>  \n\t\t\t\t\t<\/div>\n\t\t\t\t<\/div>\n\t\t\t\t\t<\/div>\n\t\t\t\t<\/div>\n\t\t<div class=\"elementor-element elementor-element-b070879 e-flex e-con-boxed e-con e-parent\" data-id=\"b070879\" data-element_type=\"container\" data-settings=\"{&quot;_ha_eqh_enable&quot;:false}\" data-core-v316-plus=\"true\">\n\t\t\t\t\t<div class=\"e-con-inner\">\n\t\t\t\t<div class=\"elementor-element elementor-element-0a02b4d elementor-widget elementor-widget-text-editor\" data-id=\"0a02b4d\" data-element_type=\"widget\" data-widget_type=\"text-editor.default\">\n\t\t\t\t<div class=\"elementor-widget-container\">\n\t\t\t<style>\/*! elementor - v3.20.0 - 13-03-2024 *\/\n.elementor-widget-text-editor.elementor-drop-cap-view-stacked .elementor-drop-cap{background-color:#69727d;color:#fff}.elementor-widget-text-editor.elementor-drop-cap-view-framed .elementor-drop-cap{color:#69727d;border:3px solid;background-color:transparent}.elementor-widget-text-editor:not(.elementor-drop-cap-view-default) .elementor-drop-cap{margin-top:8px}.elementor-widget-text-editor:not(.elementor-drop-cap-view-default) .elementor-drop-cap-letter{width:1em;height:1em}.elementor-widget-text-editor .elementor-drop-cap{float:left;text-align:center;line-height:1;font-size:50px}.elementor-widget-text-editor .elementor-drop-cap-letter{display:inline-block}<\/style>\t\t\t\t<p><strong>LE CHAMP D&#8217;OR<\/strong><br \/>Haute plaine Route d&#8217;Orci\u00e8res<br \/>05260 CHABOTTES<br \/>T\u00e9l : <span style=\"text-decoration: underline;\">06 60 16 18 26<\/span><br \/>Mail : <span style=\"text-decoration: underline;\">hellovacance@gmail.com<\/span><br \/>Site web : <span style=\"text-decoration: underline;\">https:\/\/hellovacance.com\/<\/span><br \/>Siret : 88100613400012<\/p>\t\t\t\t\t\t<\/div>\n\t\t\t\t<\/div>\n\t\t\t\t\t<\/div>\n\t\t\t\t<\/div>\n\t\t<div class=\"elementor-element elementor-element-94fb241 e-flex e-con-boxed e-con e-parent\" data-id=\"94fb241\" data-element_type=\"container\" data-settings=\"{&quot;_ha_eqh_enable&quot;:false}\" data-core-v316-plus=\"true\">\n\t\t\t\t\t<div class=\"e-con-inner\">\n\t\t\t\t<div class=\"elementor-element elementor-element-5fc4eb8 elementor-widget elementor-widget-heading\" data-id=\"5fc4eb8\" data-element_type=\"widget\" data-widget_type=\"heading.default\">\n\t\t\t\t<div class=\"elementor-widget-container\">\n\t\t\t<style>\/*! elementor - v3.20.0 - 13-03-2024 *\/\n.elementor-heading-title{padding:0;margin:0;line-height:1}.elementor-widget-heading .elementor-heading-title[class*=elementor-size-]>a{color:inherit;font-size:inherit;line-height:inherit}.elementor-widget-heading .elementor-heading-title.elementor-size-small{font-size:15px}.elementor-widget-heading .elementor-heading-title.elementor-size-medium{font-size:19px}.elementor-widget-heading .elementor-heading-title.elementor-size-large{font-size:29px}.elementor-widget-heading .elementor-heading-title.elementor-size-xl{font-size:39px}.elementor-widget-heading .elementor-heading-title.elementor-size-xxl{font-size:59px}<\/style><h2 class=\"elementor-heading-title elementor-size-default\">TARIFS VILLAGE VACANCES 2024\n<\/h2>\t\t<\/div>\n\t\t\t\t<\/div>\n\t\t\t\t<div class=\"elementor-element elementor-element-7cd4836 elementor-widget elementor-widget-heading\" data-id=\"7cd4836\" data-element_type=\"widget\" data-widget_type=\"heading.default\">\n\t\t\t\t<div class=\"elementor-widget-container\">\n\t\t\t<h2 class=\"elementor-heading-title elementor-size-default\">Tarifs d\u2019acceuil en pension compl\u00e8te\n(Possibilit\u00e9 de demi-pension ou nuit + petit d\u00e9jeuner)\n\n<\/h2>\t\t<\/div>\n\t\t\t\t<\/div>\n\t\t\t\t\t<\/div>\n\t\t\t\t<\/div>\n\t\t<div class=\"elementor-element elementor-element-f8ec0de e-flex e-con-boxed e-con e-parent\" data-id=\"f8ec0de\" data-element_type=\"container\" data-settings=\"{&quot;_ha_eqh_enable&quot;:false}\" data-core-v316-plus=\"true\">\n\t\t\t\t\t<div class=\"e-con-inner\">\n\t\t\t\t<div class=\"elementor-element elementor-element-48ae4e7 elementor-widget elementor-widget-html\" data-id=\"48ae4e7\" data-element_type=\"widget\" data-widget_type=\"html.default\">\n\t\t\t\t<div class=\"elementor-widget-container\">\n\t\t\t<!DOCTYPE html>\r\n<html lang=\"fr\">\r\n<head>\r\n    <meta charset=\"UTF-8\">\r\n    <meta name=\"viewport\" content=\"width=device-width, initial-scale=1.0\">\r\n    <style>\r\n        body {\r\n            font-family: Arial, sans-serif;\r\n            margin: 20px;\r\n            color: #333;\r\n        }\r\n        h2, h3 {\r\n            color: #2c3e50;\r\n        }\r\n        table {\r\n            width: 100%;\r\n            border-collapse: collapse;\r\n            margin-bottom: 20px;\r\n        }\r\n        th, td {\r\n            border: 1px solid #ddd;\r\n            padding: 10px;\r\n            text-align: center;\r\n        }\r\n        th {\r\n            background-color: #f8f9fa;\r\n            font-weight: bold;\r\n        }\r\n        ul {\r\n            list-style-type: none;\r\n            padding: 0;\r\n        }\r\n        ul li {\r\n            margin-bottom: 10px;\r\n        }\r\n        .note, .additional-info {\r\n            font-weight: bold;\r\n            color: #2c3e50;\r\n        }\r\n        .supplements, .note-section, .contact-section, .info-section {\r\n            background-color: #f4f4f4;\r\n            padding: 15px;\r\n            border-radius: 5px;\r\n            margin-top: 20px;\r\n        }\r\n    <\/style>\r\n    <title>Grille Tarifaire<\/title>\r\n<\/head>\r\n<body>\r\n\r\n\r\n\r\n<table>\r\n    <thead>\r\n        <tr>\r\n            <th>P\u00e9riode<\/th>\r\n            <th>DP Enfant<\/th>\r\n            <th>DP Adulte<\/th>\r\n            <th>PC Enfant<\/th>\r\n            <th>PC Adulte<\/th>\r\n        <\/tr>\r\n    <\/thead>\r\n    <tbody>\r\n        <tr>\r\n            <td>14\/07 au 21\/07<\/td>\r\n            <td>45 \u20ac \/ nuit<\/td>\r\n            <td>55 \u20ac \/ nuit<\/td>\r\n            <td>60 \u20ac \/ nuit<\/td>\r\n            <td>70 \u20ac \/ nuit<\/td>\r\n        <\/tr>\r\n        <tr>\r\n            <td>21\/07 au 28\/07<\/td>\r\n            <td>45 \u20ac \/ nuit<\/td>\r\n            <td>55 \u20ac \/ nuit<\/td>\r\n            <td>60 \u20ac \/ nuit<\/td>\r\n            <td>70 \u20ac \/ nuit<\/td>\r\n        <\/tr>\r\n        <tr>\r\n            <td>28\/07 au 04\/08<\/td>\r\n            <td>45 \u20ac \/ nuit<\/td>\r\n            <td>55 \u20ac \/ nuit<\/td>\r\n            <td>60 \u20ac \/ nuit<\/td>\r\n            <td>70 \u20ac \/ nuit<\/td>\r\n        <\/tr>\r\n        <tr>\r\n            <td>04\/08 au 11\/08<\/td>\r\n            <td>45 \u20ac \/ nuit<\/td>\r\n            <td>55 \u20ac \/ nuit<\/td>\r\n            <td>60 \u20ac \/ nuit<\/td>\r\n            <td>70 \u20ac \/ nuit<\/td>\r\n        <\/tr>\r\n        <tr>\r\n            <td>11\/08 au 18\/08<\/td>\r\n            <td>45 \u20ac \/ nuit<\/td>\r\n            <td>55 \u20ac \/ nuit<\/td>\r\n            <td>60 \u20ac \/ nuit<\/td>\r\n            <td>70 \u20ac \/ nuit<\/td>\r\n        <\/tr>\r\n    <\/tbody>\r\n<\/table>\r\n* Enfants partageant la m\u00eame chambre que les parents\r\n<div class=\"supplements\">\r\n    <h3>Suppl\u00e9ments<\/h3>\r\n    <ul>\r\n        <li>Chambre individuelle : 30 \u20ac \/ nuit<\/li>\r\n        <li>Kit de toilette : 15 \u20ac \/ kit<\/li>\r\n        <li>Forfait m\u00e9nage : 80 \u20ac \/ logement<\/li>\r\n    <\/ul>\r\n<\/div>\r\n\r\n<div class=\"note-section\">\r\n    <p class=\"note\">TAXE DE S\u00c9JOUR ET FRAIS DE DOSSIER OFFERT<\/p>\r\n<\/div>\r\n\r\n<div class=\"contact-section\">\r\n    <h3>R\u00e9ductions groupes<\/h3>\r\n    <p>Nous contacter au <strong>06.66.74.32.79<\/strong><\/p>\r\n<\/div>\r\n\r\n<div class=\"info-section\">\r\n    <p class=\"additional-info\">\r\n        * Minimum 2 nuits<br>\r\n        Taxe de s\u00e9jour \u00e0 r\u00e9gler sur place : 0.55\u20ac \/ nuit \/ 18 ans et +<br>\r\n        Frais de dossier : 4\u20ac<br>\r\n    \r\n    <\/p>\r\n<\/div>\r\n\r\n<\/body>\r\n<\/html>\r\n\t\t<\/div>\n\t\t\t\t<\/div>\n\t\t\t\t\t<\/div>\n\t\t\t\t<\/div>\n\t\t\t\t<\/div>\n\t\t","protected":false},"excerpt":{"rendered":"<p>LE CHAMP D&#8217;ORHaute plaine Route d&#8217;Orci\u00e8res05260 CHABOTTEST\u00e9l : 06 60 16 18 26Mail : hellovacance@gmail.comSite web : https:\/\/hellovacance.com\/Siret : 88100613400012 TARIFS VILLAGE VACANCES 2024 Tarifs d\u2019acceuil<span class=\"excerpt-hellip\"> [\u2026]<\/span><\/p>\n","protected":false},"author":1,"featured_media":0,"parent":0,"menu_order":0,"comment_status":"closed","ping_status":"closed","template":"","meta":{"footnotes":""},"_links":{"self":[{"href":"https:\/\/hellovacance.com\/index.php?rest_route=\/wp\/v2\/pages\/288"}],"collection":[{"href":"https:\/\/hellovacance.com\/index.php?rest_route=\/wp\/v2\/pages"}],"about":[{"href":"https:\/\/hellovacance.com\/index.php?rest_route=\/wp\/v2\/types\/page"}],"author":[{"embeddable":true,"href":"https:\/\/hellovacance.com\/index.php?rest_route=\/wp\/v2\/users\/1"}],"replies":[{"embeddable":true,"href":"https:\/\/hellovacance.com\/index.php?rest_route=%2Fwp%2Fv2%2Fcomments&post=288"}],"version-history":[{"count":7,"href":"https:\/\/hellovacance.com\/index.php?rest_route=\/wp\/v2\/pages\/288\/revisions"}],"predecessor-version":[{"id":309,"href":"https:\/\/hellovacance.com\/index.php?rest_route=\/wp\/v2\/pages\/288\/revisions\/309"}],"wp:attachment":[{"href":"https:\/\/hellovacance.com\/index.php?rest_route=%2Fwp%2Fv2%2Fmedia&parent=288"}],"curies":[{"name":"wp","href":"https:\/\/api.w.org\/{rel}","templated":true}]}}